{"id":897,"date":"2022-09-08T20:43:35","date_gmt":"2022-09-08T18:43:35","guid":{"rendered":"https:\/\/softforyou.pl\/?page_id=897"},"modified":"2025-10-07T20:42:39","modified_gmt":"2025-10-07T18:42:39","slug":"do-pobrania","status":"publish","type":"page","link":"https:\/\/softforyou.pl\/en\/do-pobrania\/","title":{"rendered":"Downloads &nbsp;"},"content":{"rendered":"<p>[et_pb_section fb_built=&#8221;1&#8243; _builder_version=&#8221;4.18.0&#8243; _module_preset=&#8221;default&#8221; global_colors_info=&#8221;{}&#8221;][et_pb_row _builder_version=&#8221;4.18.0&#8243; _module_preset=&#8221;default&#8221; custom_padding=&#8221;3px|||||&#8221; global_colors_info=&#8221;{}&#8221;][et_pb_column type=&#8221;4_4&#8243; _builder_version=&#8221;4.18.0&#8243; _module_preset=&#8221;default&#8221; global_colors_info=&#8221;{}&#8221;][et_pb_text _builder_version=&#8221;4.18.0&#8243; _module_preset=&#8221;b327cbe4-b1d5-4b66-ad37-40c8f2f061ba&#8221; text_text_color=&#8221;#203052&#8243; header_text_color=&#8221;#203052&#8243; header_2_font=&#8221;Inter|700|||||||&#8221; header_2_text_color=&#8221;#203052&#8243; header_2_font_size=&#8221;36px&#8221; header_2_line_height=&#8221;1.2em&#8221; custom_margin=&#8221;||16px||false|false&#8221; custom_padding=&#8221;||6px|||&#8221; header_2_font_size_tablet=&#8221;32px&#8221; header_2_font_size_phone=&#8221;20px&#8221; header_2_font_size_last_edited=&#8221;on|desktop&#8221; locked=&#8221;off&#8221; global_colors_info=&#8221;{}&#8221;]<\/p>\n<h2 style=\"text-align: center;\">Downloads<\/h2>\n<p>[\/et_pb_text][et_pb_text _builder_version=&#8221;4.18.0&#8243; _module_preset=&#8221;default&#8221; text_text_color=&#8221;#203052&#8243; text_font_size=&#8221;24px&#8221; text_line_height=&#8221;32px&#8221; locked=&#8221;off&#8221; global_colors_info=&#8221;{}&#8221;]<\/p>\n<p style=\"text-align: center;\">We recommend installing the following tools to improve\ncollaboration<br \/> with support and to facilitate software updates.<\/p>\n<p>[\/et_pb_text][\/et_pb_column][\/et_pb_row][\/et_pb_section][et_pb_section fb_built=&#8221;1&#8243; _builder_version=&#8221;4.18.0&#8243; _module_preset=&#8221;default&#8221; custom_padding=&#8221;2px||2px|||&#8221; global_colors_info=&#8221;{}&#8221;][et_pb_row column_structure=&#8221;1_2,1_2&#8243; module_class=&#8221;pa-inline-buttons&#8221; _builder_version=&#8221;4.18.0&#8243; _module_preset=&#8221;default&#8221; global_colors_info=&#8221;{}&#8221;][et_pb_column type=&#8221;1_2&#8243; _builder_version=&#8221;4.18.0&#8243; _module_preset=&#8221;default&#8221; global_colors_info=&#8221;{}&#8221;][et_pb_text _builder_version=&#8221;4.18.0&#8243; _module_preset=&#8221;b327cbe4-b1d5-4b66-ad37-40c8f2f061ba&#8221; text_text_color=&#8221;#203052&#8243; header_text_color=&#8221;#203052&#8243; header_2_font=&#8221;Inter|700|||||||&#8221; header_2_text_color=&#8221;#203052&#8243; header_2_font_size=&#8221;32px&#8221; header_2_line_height=&#8221;1.2em&#8221; custom_margin=&#8221;||16px||false|false&#8221; custom_padding=&#8221;||6px|||&#8221; header_2_font_size_tablet=&#8221;32px&#8221; header_2_font_size_phone=&#8221;20px&#8221; header_2_font_size_last_edited=&#8221;on|desktop&#8221; locked=&#8221;off&#8221; global_colors_info=&#8221;{}&#8221;]<\/p>\n<h2 style=\"text-align: left;\">TeamViewer<\/h2>\n<p>[\/et_pb_text][et_pb_text _builder_version=&#8221;4.18.0&#8243; _module_preset=&#8221;default&#8221; text_text_color=&#8221;#203052&#8243; locked=&#8221;off&#8221; global_colors_info=&#8221;{}&#8221;]<\/p>\n<p>TeamViewer is a program for remote connections. It\nenables you to connect your computer to our\ncompany's IT specialist in order to verify a reported\nproblem, restore the S4U reporter, or install the S4U\nmodule.<\/p>\n<p>[\/et_pb_text][et_pb_button button_url=&#8221;https:\/\/get.teamviewer.com\/s4uqs&#8221; url_new_window=&#8221;on&#8221; button_text=&#8221; Pobierz program&#8221; button_alignment=&#8221;left&#8221; button_alignment_tablet=&#8221;center&#8221; button_alignment_phone=&#8221;center&#8221; button_alignment_last_edited=&#8221;on|phone&#8221; module_class=&#8221;btn-with-icon&#8221; _builder_version=&#8221;4.18.0&#8243; _module_preset=&#8221;default&#8221; custom_button=&#8221;on&#8221; button_text_size=&#8221;18px&#8221; button_border_width=&#8221;0px&#8221; button_border_radius=&#8221;5px&#8221; button_font=&#8221;Nexa Text Regular|300|||||||&#8221; button_icon=&#8221;&#xf019;||fa||900&#8243; button_icon_placement=&#8221;left&#8221; button_on_hover=&#8221;off&#8221; custom_margin=&#8221;|14px|52px||false|false&#8221; custom_margin_tablet=&#8221;|14px|24px||false|false&#8221; custom_margin_phone=&#8221;||12px||false|false&#8221; custom_margin_last_edited=&#8221;on|tablet&#8221; custom_padding=&#8221;12px|32px|12px|50px|false|false&#8221; button_icon_last_edited=&#8221;off|desktop&#8221; global_colors_info=&#8221;{}&#8221;][\/et_pb_button][et_pb_text _builder_version=&#8221;4.18.0&#8243; _module_preset=&#8221;b327cbe4-b1d5-4b66-ad37-40c8f2f061ba&#8221; text_text_color=&#8221;#203052&#8243; header_text_color=&#8221;#203052&#8243; header_2_font=&#8221;Inter|700|||||||&#8221; header_2_text_color=&#8221;#203052&#8243; header_2_font_size=&#8221;32px&#8221; header_2_line_height=&#8221;1.2em&#8221; custom_margin=&#8221;||16px||false|false&#8221; custom_padding=&#8221;||6px|||&#8221; header_2_font_size_tablet=&#8221;32px&#8221; header_2_font_size_phone=&#8221;20px&#8221; header_2_font_size_last_edited=&#8221;on|desktop&#8221; locked=&#8221;off&#8221; global_colors_info=&#8221;{}&#8221;]<\/p>\n<h2 style=\"text-align: left;\">AnyDesk<\/h2>\n<p>[\/et_pb_text][et_pb_text _builder_version=&#8221;4.18.0&#8243; _module_preset=&#8221;default&#8221; text_text_color=&#8221;#203052&#8243; locked=&#8221;off&#8221; global_colors_info=&#8221;{}&#8221;]<\/p>\n<p><span>AnyDesk to program do uzyskiwania po\u0142\u0105cze\u0144 zdalnych. Umo\u017cliwia po\u0142\u0105czenie Pa\u0144stwa komputera z informatykiem naszej firmy w celu weryfikacji zg\u0142aszanego problemu, wznowienia raportownika S4U, b\u0105d\u017a instalacji modu\u0142u S4U.<\/span><\/p>\n<p>[\/et_pb_text][et_pb_button button_url=&#8221;https:\/\/anydesk.com\/pl\/downloads\/windows?dv=win_exe&#8221; button_text=&#8221; Pobierz program&#8221; button_alignment=&#8221;left&#8221; button_alignment_tablet=&#8221;center&#8221; button_alignment_phone=&#8221;center&#8221; button_alignment_last_edited=&#8221;on|phone&#8221; module_class=&#8221;btn-with-icon&#8221; _builder_version=&#8221;4.18.0&#8243; _module_preset=&#8221;default&#8221; custom_button=&#8221;on&#8221; button_text_size=&#8221;18px&#8221; button_bg_color=&#8221;#E02B20&#8243; button_border_width=&#8221;0px&#8221; button_border_radius=&#8221;5px&#8221; button_font=&#8221;Nexa Text Regular|300|||||||&#8221; button_icon=&#8221;&#xf019;||fa||900&#8243; button_icon_placement=&#8221;left&#8221; button_on_hover=&#8221;off&#8221; custom_margin=&#8221;|14px|52px||false|false&#8221; custom_margin_tablet=&#8221;|14px|24px||false|false&#8221; custom_margin_phone=&#8221;||12px||false|false&#8221; custom_margin_last_edited=&#8221;on|tablet&#8221; custom_padding=&#8221;12px|32px|12px|50px|false|false&#8221; button_icon_last_edited=&#8221;off|desktop&#8221; locked=&#8221;off&#8221; global_colors_info=&#8221;{}&#8221;][\/et_pb_button][et_pb_button button_url=&#8221;https:\/\/softforyou.pl\/wp-content\/uploads\/2023\/12\/Instrukcja_poboru_uruchomienia_AnyDesk.pdf&#8221; url_new_window=&#8221;on&#8221; button_text=&#8221;Pobierz instrukcj\u0119&#8221; button_alignment=&#8221;center&#8221; module_class=&#8221;btn-with-icon&#8221; _builder_version=&#8221;4.18.0&#8243; _module_preset=&#8221;default&#8221; custom_button=&#8221;on&#8221; button_text_size=&#8221;18px&#8221; button_text_color=&#8221;#155eee&#8221; button_bg_color=&#8221;#ffffff&#8221; button_border_width=&#8221;0px&#8221; button_border_radius=&#8221;5px&#8221; button_font=&#8221;|700|||||||&#8221; button_icon=&#8221;&#x35;||divi||400&#8243; button_on_hover=&#8221;off&#8221; custom_margin=&#8221;|5px|||false|false&#8221; custom_padding=&#8221;12px|41px|12px|25px|false|false&#8221; locked=&#8221;off&#8221; global_colors_info=&#8221;{}&#8221;][\/et_pb_button][\/et_pb_column][et_pb_column type=&#8221;1_2&#8243; _builder_version=&#8221;4.18.0&#8243; _module_preset=&#8221;default&#8221; global_colors_info=&#8221;{}&#8221;][et_pb_text disabled_on=&#8221;on|on|on&#8221; _builder_version=&#8221;4.18.0&#8243; _module_preset=&#8221;b327cbe4-b1d5-4b66-ad37-40c8f2f061ba&#8221; text_text_color=&#8221;#203052&#8243; header_text_color=&#8221;#203052&#8243; header_2_font=&#8221;Inter|700|||||||&#8221; header_2_text_color=&#8221;#203052&#8243; header_2_font_size=&#8221;32px&#8221; header_2_line_height=&#8221;1.2em&#8221; custom_margin=&#8221;||16px||false|false&#8221; custom_margin_tablet=&#8221;40px||||false|false&#8221; custom_margin_phone=&#8221;40px||||false|false&#8221; custom_margin_last_edited=&#8221;on|tablet&#8221; custom_padding=&#8221;||6px|||&#8221; header_2_font_size_tablet=&#8221;32px&#8221; header_2_font_size_phone=&#8221;20px&#8221; header_2_font_size_last_edited=&#8221;on|desktop&#8221; disabled=&#8221;on&#8221; locked=&#8221;off&#8221; global_colors_info=&#8221;{}&#8221;]<\/p>\n<h2 style=\"text-align: left;\"><a href=\"https:\/\/softforyou.pl\/wp-content\/uploads\/2022\/08\/avatar.png\"><img loading=\"lazy\" decoding=\"async\" src=\"https:\/\/softforyou.pl\/wp-content\/uploads\/2022\/08\/avatar-150x150.png\" width=\"40\" height=\"40\" alt=\"\" class=\"wp-image-379 alignleft size-thumbnail\" srcset=\"https:\/\/softforyou.pl\/wp-content\/uploads\/2022\/08\/avatar-150x150.png 150w, https:\/\/softforyou.pl\/wp-content\/uploads\/2022\/08\/avatar-75x75.png 75w, https:\/\/softforyou.pl\/wp-content\/uploads\/2022\/08\/avatar.png 225w\" sizes=\"auto, (max-width: 40px) 100vw, 40px\" \/><\/a>Resumption of the S4U system<\/h2>\n<p>[\/et_pb_text][et_pb_image src=&#8221;https:\/\/softforyou.pl\/wp-content\/uploads\/2022\/10\/system.png&#8221; title_text=&#8221;system&#8221; disabled_on=&#8221;on|on|on&#8221; _builder_version=&#8221;4.18.0&#8243; _module_preset=&#8221;default&#8221; disabled=&#8221;on&#8221; global_colors_info=&#8221;{}&#8221;][\/et_pb_image][et_pb_text disabled_on=&#8221;on|on|on&#8221; _builder_version=&#8221;4.18.0&#8243; _module_preset=&#8221;default&#8221; text_text_color=&#8221;#203052&#8243; disabled=&#8221;on&#8221; locked=&#8221;off&#8221; global_colors_info=&#8221;{}&#8221;]<\/p>\n<p>S4U resumption is a programme which\nallows running the S4U reporter without a\nremote connection from SoftForYou's IT\ndepartment. Just download the file and, by\nright-clicking, select \"Run as\nadministrator\" - the reporter will restart\nautomatically.<\/p>\n<p>If the service is not installed on your\nsystem, TeamViewer will start - in this\ncase, you will need to dictate these details\nto SoftForYou's IT employee in order to\ninstall or reconfigure the programme.<\/p>\n<p>[\/et_pb_text][et_pb_button button_url=&#8221;https:\/\/drive.google.com\/drive\/folders\/1NqFTETLmMDiHgCozT0I96EcjAUWslG04&#8243; url_new_window=&#8221;on&#8221; button_text=&#8221; Pobierz program&#8221; button_alignment=&#8221;left&#8221; button_alignment_tablet=&#8221;center&#8221; button_alignment_phone=&#8221;center&#8221; button_alignment_last_edited=&#8221;on|tablet&#8221; disabled_on=&#8221;on|on|on&#8221; module_class=&#8221;btn-with-icon&#8221; _builder_version=&#8221;4.18.0&#8243; _module_preset=&#8221;default&#8221; custom_button=&#8221;on&#8221; button_text_size=&#8221;18px&#8221; button_border_width=&#8221;0px&#8221; button_border_radius=&#8221;5px&#8221; button_font=&#8221;Nexa Text Regular|300|||||||&#8221; button_icon=&#8221;&#xf019;||fa||900&#8243; button_icon_placement=&#8221;left&#8221; button_on_hover=&#8221;off&#8221; custom_margin=&#8221;|14px|||false|false&#8221; custom_margin_tablet=&#8221;|14px|12px||false|false&#8221; custom_margin_phone=&#8221;||12px||false|false&#8221; custom_margin_last_edited=&#8221;on|tablet&#8221; custom_padding=&#8221;12px|32px|12px|50px|false|false&#8221; button_icon_last_edited=&#8221;off|desktop&#8221; disabled=&#8221;on&#8221; global_colors_info=&#8221;{}&#8221;][\/et_pb_button][et_pb_button button_url=&#8221;https:\/\/softforyou.pl\/wp-content\/uploads\/2023\/12\/Instrukcja_wznawiacza_S4U.pdf&#8221; url_new_window=&#8221;on&#8221; button_text=&#8221;Pobierz instrukcj\u0119&#8221; button_alignment=&#8221;center&#8221; disabled_on=&#8221;on|on|on&#8221; module_class=&#8221;btn-with-icon&#8221; _builder_version=&#8221;4.18.0&#8243; _module_preset=&#8221;default&#8221; custom_button=&#8221;on&#8221; button_text_size=&#8221;18px&#8221; button_text_color=&#8221;#155eee&#8221; button_bg_color=&#8221;#ffffff&#8221; button_border_width=&#8221;0px&#8221; button_border_radius=&#8221;5px&#8221; button_font=&#8221;|700|||||||&#8221; button_icon=&#8221;&#x35;||divi||400&#8243; button_on_hover=&#8221;off&#8221; custom_margin=&#8221;|5px|||false|false&#8221; custom_padding=&#8221;12px|41px|12px|25px|false|false&#8221; disabled=&#8221;on&#8221; global_colors_info=&#8221;{}&#8221;][\/et_pb_button][\/et_pb_column][\/et_pb_row][\/et_pb_section][et_pb_section fb_built=&#8221;1&#8243; _builder_version=&#8221;4.18.0&#8243; _module_preset=&#8221;default&#8221; custom_margin=&#8221;0px||0px||false|false&#8221; custom_padding=&#8221;0px||0px||false|false&#8221; global_colors_info=&#8221;{}&#8221;][et_pb_row column_structure=&#8221;1_3,2_3&#8243; make_equal=&#8221;on&#8221; _builder_version=&#8221;4.18.0&#8243; _module_preset=&#8221;default&#8221; min_height=&#8221;98px&#8221; custom_margin=&#8221;0px||0px||false|false&#8221; custom_margin_tablet=&#8221;35px||||false|false&#8221; custom_margin_phone=&#8221;12px||||false|false&#8221; custom_margin_last_edited=&#8221;on|phone&#8221; custom_padding=&#8221;0px||0px||false|false&#8221; global_colors_info=&#8221;{}&#8221;][et_pb_column type=&#8221;1_3&#8243; _builder_version=&#8221;4.18.0&#8243; _module_preset=&#8221;default&#8221; custom_padding=&#8221;0px||0px||false|false&#8221; global_colors_info=&#8221;{}&#8221;][et_pb_text _builder_version=&#8221;4.18.0&#8243; _module_preset=&#8221;default&#8221; text_font=&#8221;Nexa Text Regular||||||||&#8221; text_text_color=&#8221;#495672&#8243; text_font_size=&#8221;24px&#8221; custom_margin=&#8221;3px||||false|false&#8221; custom_padding=&#8221;||0px|||&#8221; text_orientation_tablet=&#8221;&#8221; text_orientation_phone=&#8221;center&#8221; text_orientation_last_edited=&#8221;on|phone&#8221; global_colors_info=&#8221;{}&#8221;]<\/p>\n<p>Trusted by markets <strong><strong>leaders:<\/strong> <\/strong><b><\/b><\/p>\n<p>[\/et_pb_text][\/et_pb_column][et_pb_column type=&#8221;2_3&#8243; _builder_version=&#8221;4.18.0&#8243; _module_preset=&#8221;default&#8221; custom_padding=&#8221;0px||0px||false|false&#8221; global_colors_info=&#8221;{}&#8221;][ba_logo_carousel use_nav=&#8221;off&#8221; slide_count=&#8221;4&#8243; logo_height=&#8221;200px&#8221; logo_width=&#8221;85%&#8221; logo_hover=&#8221;no_hover&#8221; slide_count_tablet=&#8221;4&#8243; slide_count_phone=&#8221;3&#8243; slide_count_last_edited=&#8221;on|phone&#8221; _builder_version=&#8221;4.27.0&#8243; _module_preset=&#8221;default&#8221; custom_margin=&#8221;0px||0px||false|false&#8221; custom_padding=&#8221;0px||0px||false|false&#8221; hover_enabled=&#8221;0&#8243; custom_css_main_element=&#8221;filter: grayscale(100%);&#8221; global_colors_info=&#8221;{}&#8221; sticky_enabled=&#8221;0&#8243;][ba_logo_carousel_child logo=&#8221;https:\/\/softforyou.pl\/wp-content\/uploads\/2022\/10\/polpharma-logo.svg&#8221; _builder_version=&#8221;4.18.0&#8243; _module_preset=&#8221;default&#8221; global_colors_info=&#8221;{}&#8221;][\/ba_logo_carousel_child][ba_logo_carousel_child logo=&#8221;https:\/\/softforyou.pl\/wp-content\/uploads\/2022\/10\/GALDERMA.png&#8221; _builder_version=&#8221;4.18.0&#8243; _module_preset=&#8221;default&#8221; global_colors_info=&#8221;{}&#8221;][\/ba_logo_carousel_child][ba_logo_carousel_child admin_title=&#8221;multipharm&#8221; logo=&#8221;https:\/\/softforyou.pl\/wp-content\/uploads\/2022\/10\/multipharm.png&#8221; _builder_version=&#8221;4.18.0&#8243; _module_preset=&#8221;default&#8221; global_colors_info=&#8221;{}&#8221;][\/ba_logo_carousel_child][ba_logo_carousel_child admin_title=&#8221;medkon&#8221; logo=&#8221;https:\/\/softforyou.pl\/wp-content\/uploads\/2022\/10\/medkon.png&#8221; _builder_version=&#8221;4.18.0&#8243; _module_preset=&#8221;default&#8221; global_colors_info=&#8221;{}&#8221;][\/ba_logo_carousel_child][ba_logo_carousel_child admin_title=&#8221;Starowiejska&#8221; logo=&#8221;https:\/\/softforyou.pl\/wp-content\/uploads\/2022\/09\/a-logo_50.png&#8221; _builder_version=&#8221;4.18.0&#8243; _module_preset=&#8221;default&#8221; global_colors_info=&#8221;{}&#8221;][\/ba_logo_carousel_child][ba_logo_carousel_child admin_title=&#8221;allecco&#8221; logo=&#8221;https:\/\/softforyou.pl\/wp-content\/uploads\/2022\/10\/allecco.png&#8221; _builder_version=&#8221;4.18.0&#8243; _module_preset=&#8221;default&#8221; global_colors_info=&#8221;{}&#8221;][\/ba_logo_carousel_child][ba_logo_carousel_child admin_title=&#8221;Centralna&#8221; logo=&#8221;https:\/\/softforyou.pl\/wp-content\/uploads\/2022\/10\/aptekacentralnalogo.png&#8221; _builder_version=&#8221;4.18.0&#8243; _module_preset=&#8221;default&#8221; global_colors_info=&#8221;{}&#8221;][\/ba_logo_carousel_child][ba_logo_carousel_child admin_title=&#8221;codzienna&#8221; logo=&#8221;https:\/\/softforyou.pl\/wp-content\/uploads\/2022\/10\/apteka_codzienna_logo.png&#8221; _builder_version=&#8221;4.18.0&#8243; _module_preset=&#8221;default&#8221; global_colors_info=&#8221;{}&#8221;][\/ba_logo_carousel_child][ba_logo_carousel_child admin_title=&#8221;Dom lek\u00f3w&#8221; logo=&#8221;https:\/\/softforyou.pl\/wp-content\/uploads\/2022\/10\/dom-lekow-logo.svg&#8221; _builder_version=&#8221;4.18.0&#8243; _module_preset=&#8221;default&#8221; global_colors_info=&#8221;{}&#8221;][\/ba_logo_carousel_child][ba_logo_carousel_child admin_title=&#8221;Hipokratesa&#8221; logo=&#8221;https:\/\/softforyou.pl\/wp-content\/uploads\/2022\/10\/hipokrates.png&#8221; _builder_version=&#8221;4.18.0&#8243; _module_preset=&#8221;default&#8221; global_colors_info=&#8221;{}&#8221;][\/ba_logo_carousel_child][ba_logo_carousel_child logo=&#8221;https:\/\/softforyou.pl\/wp-content\/uploads\/2022\/10\/zawisza-czarny.png&#8221; _builder_version=&#8221;4.18.0&#8243; _module_preset=&#8221;default&#8221; global_colors_info=&#8221;{}&#8221;][\/ba_logo_carousel_child][ba_logo_carousel_child admin_title=&#8221;TopFarm Group&#8221; logo=&#8221;https:\/\/softforyou.pl\/wp-content\/uploads\/2022\/10\/topfarm_group_logo_tfg.png&#8221; _builder_version=&#8221;4.18.0&#8243; _module_preset=&#8221;default&#8221; custom_css_main_element=&#8221;filter: brightness(0.3);&#8221; global_colors_info=&#8221;{}&#8221;][\/ba_logo_carousel_child][ba_logo_carousel_child logo=&#8221;https:\/\/softforyou.pl\/wp-content\/uploads\/2022\/10\/apteka-i-partnerzy.png&#8221; _builder_version=&#8221;4.18.0&#8243; _module_preset=&#8221;default&#8221; global_colors_info=&#8221;{}&#8221;][\/ba_logo_carousel_child][ba_logo_carousel_child admin_title=&#8221;Od serca&#8221; logo=&#8221;https:\/\/softforyou.pl\/wp-content\/uploads\/2022\/10\/apteka-od-serca.svg&#8221; _builder_version=&#8221;4.18.0&#8243; _module_preset=&#8221;default&#8221; custom_css_main_element=&#8221;width: 100% !important;&#8221; global_colors_info=&#8221;{}&#8221;][\/ba_logo_carousel_child][ba_logo_carousel_child logo=&#8221;https:\/\/softforyou.pl\/wp-content\/uploads\/2022\/10\/apteka-melissa.png&#8221; _builder_version=&#8221;4.18.0&#8243; _module_preset=&#8221;default&#8221; global_colors_info=&#8221;{}&#8221;][\/ba_logo_carousel_child][ba_logo_carousel_child admin_title=&#8221;centrum-lublin&#8221; logo=&#8221;https:\/\/softforyou.pl\/wp-content\/uploads\/2022\/10\/modrzewscy.png&#8221; _builder_version=&#8221;4.18.0&#8243; _module_preset=&#8221;default&#8221; global_colors_info=&#8221;{}&#8221;][\/ba_logo_carousel_child][ba_logo_carousel_child admin_title=&#8221;Amica&#8221; logo=&#8221;https:\/\/softforyou.pl\/wp-content\/uploads\/2022\/10\/amica.png&#8221; _builder_version=&#8221;4.18.0&#8243; _module_preset=&#8221;default&#8221; global_colors_info=&#8221;{}&#8221;][\/ba_logo_carousel_child][ba_logo_carousel_child admin_title=&#8221;S\u0142oneczna&#8221; logo=&#8221;https:\/\/softforyou.pl\/wp-content\/uploads\/2022\/10\/sloneczne.png&#8221; _builder_version=&#8221;4.18.0&#8243; _module_preset=&#8221;default&#8221; global_colors_info=&#8221;{}&#8221;][\/ba_logo_carousel_child][ba_logo_carousel_child admin_title=&#8221;hiperpharm&#8221; logo=&#8221;https:\/\/softforyou.pl\/wp-content\/uploads\/2022\/10\/HIPER-PHARM-logo.svg&#8221; _builder_version=&#8221;4.18.0&#8243; _module_preset=&#8221;default&#8221; global_colors_info=&#8221;{}&#8221;][\/ba_logo_carousel_child][\/ba_logo_carousel][\/et_pb_column][\/et_pb_row][\/et_pb_section]<\/p>","protected":false},"excerpt":{"rendered":"<p>Do pobraniaRekomendujemy instalacj\u0119 poni\u017cszych narz\u0119dzi w celu usprawnienia wsp\u00f3\u0142pracy z supportem oraz \u0142atwiejszego aktualizowania oprogramowania.TeamViewerTeamViewer jest to program do uzyskiwania po\u0142\u0105cze\u0144 zdalnych. Umo\u017cliwia po\u0142\u0105czenie Pa\u0144stwa komputera z informatykiem naszej firmy w celu weryfikacji zg\u0142aszanego problemu, wznowienia raportownika S4U, b\u0105d\u017a instalacji modu\u0142u S4U.AnyDeskAnyDesk to program do uzyskiwania po\u0142\u0105cze\u0144 zdalnych. Umo\u017cliwia po\u0142\u0105czenie Pa\u0144stwa komputera z informatykiem naszej [&hellip;]<\/p>","protected":false},"author":1,"featured_media":0,"parent":0,"menu_order":0,"comment_status":"closed","ping_status":"closed","template":"","meta":{"_et_pb_use_builder":"on","_et_pb_old_content":"","_et_gb_content_width":"","footnotes":""},"class_list":["post-897","page","type-page","status-publish","hentry"],"_links":{"self":[{"href":"https:\/\/softforyou.pl\/en\/wp-json\/wp\/v2\/pages\/897","targetHints":{"allow":["GET"]}}],"collection":[{"href":"https:\/\/softforyou.pl\/en\/wp-json\/wp\/v2\/pages"}],"about":[{"href":"https:\/\/softforyou.pl\/en\/wp-json\/wp\/v2\/types\/page"}],"author":[{"embeddable":true,"href":"https:\/\/softforyou.pl\/en\/wp-json\/wp\/v2\/users\/1"}],"replies":[{"embeddable":true,"href":"https:\/\/softforyou.pl\/en\/wp-json\/wp\/v2\/comments?post=897"}],"version-history":[{"count":30,"href":"https:\/\/softforyou.pl\/en\/wp-json\/wp\/v2\/pages\/897\/revisions"}],"predecessor-version":[{"id":22475,"href":"https:\/\/softforyou.pl\/en\/wp-json\/wp\/v2\/pages\/897\/revisions\/22475"}],"wp:attachment":[{"href":"https:\/\/softforyou.pl\/en\/wp-json\/wp\/v2\/media?parent=897"}],"curies":[{"name":"wp","href":"https:\/\/api.w.org\/{rel}","templated":true}]}}