{"id":848,"date":"2022-09-07T20:53:44","date_gmt":"2022-09-07T18:53:44","guid":{"rendered":"https:\/\/softforyou.pl\/?page_id=848"},"modified":"2022-10-10T11:19:18","modified_gmt":"2022-10-10T09:19:18","slug":"o-nas","status":"publish","type":"page","link":"https:\/\/softforyou.pl\/en\/o-nas\/","title":{"rendered":"About us &nbsp;"},"content":{"rendered":"<p>[et_pb_section fb_built=&#8221;1&#8243; admin_label=&#8221;Section&#8221; module_class=&#8221;two-columns-own&#8221; _builder_version=&#8221;4.18.0&#8243; _module_preset=&#8221;default&#8221; background_color=&#8221;#f9f9f9&#8243; custom_margin=&#8221;||32px||false|false&#8221; custom_padding=&#8221;3px||3px||false|false&#8221; custom_css_main_element=&#8221;display: flex;&#8221; global_module=&#8221;855&#8243; saved_tabs=&#8221;all&#8221; collapsed=&#8221;off&#8221; global_colors_info=&#8221;{}&#8221;][et_pb_row column_structure=&#8221;1_2,1_2&#8243; module_class=&#8221;pa-inline-buttons&#8221; _builder_version=&#8221;4.18.0&#8243; _module_preset=&#8221;default&#8221; width_tablet=&#8221;&#8221; width_phone=&#8221;&#8221; width_last_edited=&#8221;on|phone&#8221; custom_margin=&#8221;||||false|false&#8221; custom_margin_phone=&#8221;30px||||false|false&#8221; custom_margin_last_edited=&#8221;off|desktop&#8221; custom_padding=&#8221;3px||4px||false|false&#8221; custom_css_main_element=&#8221;display: flex;||flex-wrap: wrap;&#8221; global_colors_info=&#8221;{}&#8221;][et_pb_column type=&#8221;1_2&#8243; _builder_version=&#8221;4.18.0&#8243; _module_preset=&#8221;default&#8221; custom_padding=&#8221;0%||||false|false&#8221; custom_padding_tablet=&#8221;0%||||false|false&#8221; custom_padding_phone=&#8221;0%||||false|false&#8221; custom_padding_last_edited=&#8221;on|tablet&#8221; global_colors_info=&#8221;{}&#8221; custom_css_main_element_last_edited=&#8221;on|phone&#8221; custom_css_main_element_phone=&#8221;order:2;&#8221;][et_pb_text _builder_version=&#8221;4.18.0&#8243; _module_preset=&#8221;c16985e1-e0d6-4022-964d-e2bfc04fa633&#8243; header_font=&#8221;Nexa Text Extra Bold|700|||||||&#8221; header_text_color=&#8221;#203052&#8243; header_font_size=&#8221;60px&#8221; header_line_height=&#8221;1.2em&#8221; custom_margin=&#8221;130px|-1px|||false|false&#8221; custom_margin_tablet=&#8221;130px||||false|false&#8221; custom_margin_phone=&#8221;30px||||false|false&#8221; custom_margin_last_edited=&#8221;on|phone&#8221; header_font_tablet=&#8221;Nexa Text Extra Bold|700|||||||&#8221; header_font_phone=&#8221;Nexa Text Extra Bold|700|||||||&#8221; header_font_last_edited=&#8221;on|phone&#8221; header_text_align_tablet=&#8221;&#8221; header_text_align_phone=&#8221;center&#8221; header_text_align_last_edited=&#8221;on|phone&#8221; header_font_size_tablet=&#8221;40px&#8221; header_font_size_phone=&#8221;40px&#8221; header_font_size_last_edited=&#8221;on|desktop&#8221; global_colors_info=&#8221;{}&#8221;]<\/p>\n<h1>IT solutions<br \/>dla farmacji<\/h1>\n<p>[\/et_pb_text][et_pb_text module_id=&#8221;header-slogan&#8221; _builder_version=&#8221;4.18.0&#8243; _module_preset=&#8221;1f09816e-184e-4ce5-a4cf-b39c52c423ca&#8221; text_font=&#8221;Nexa Text Regular|700|||||||&#8221; text_text_color=&#8221;#495672&#8243; text_font_size=&#8221;24px&#8221; text_line_height=&#8221;1.4em&#8221; link_text_color=&#8221;#F26440&#8243; module_alignment=&#8221;center&#8221; custom_margin=&#8221;||78px||false|false&#8221; custom_margin_tablet=&#8221;||78px||false|false&#8221; custom_margin_phone=&#8221;||45px||false|false&#8221; custom_margin_last_edited=&#8221;on|phone&#8221; text_font_size_tablet=&#8221;15px&#8221; text_font_size_phone=&#8221;18px&#8221; text_font_size_last_edited=&#8221;on|phone&#8221; text_line_height_tablet=&#8221;1.4em&#8221; text_line_height_phone=&#8221;1.5em&#8221; text_line_height_last_edited=&#8221;on|desktop&#8221; header_font_size_tablet=&#8221;55px&#8221; header_font_size_last_edited=&#8221;off|desktop&#8221; text_orientation_tablet=&#8221;&#8221; text_orientation_phone=&#8221;center&#8221; text_orientation_last_edited=&#8221;on|phone&#8221; module_alignment_last_edited=&#8221;off|phone&#8221; global_colors_info=&#8221;{}&#8221;]<\/p>\n<p>Professional IT products and services <span style=\"text-decoration: underline;\">for pharmacy chains<\/span> and\u00a0<span style=\"text-decoration: underline;\">pharmaceutical manufacturers<\/span>.<\/p>\n<p>[\/et_pb_text][et_pb_button button_url=&#8221;@ET-DC@eyJkeW5hbWljIjp0cnVlLCJjb250ZW50IjoicG9zdF9saW5rX3VybF9wYWdlIiwic2V0dGluZ3MiOnsicG9zdF9pZCI6IjEyMjQifX0=@&#8221; button_text=&#8221;Um\u00f3w si\u0119 na demo&#8221; button_alignment=&#8221;center&#8221; module_id=&#8221;btn-blue-header&#8221; module_class=&#8221;btn-with-icon&#8221; _builder_version=&#8221;4.18.0&#8243; _dynamic_attributes=&#8221;button_url&#8221; _module_preset=&#8221;default&#8221; custom_button=&#8221;on&#8221; button_text_size=&#8221;18px&#8221; button_border_width=&#8221;0px&#8221; button_border_radius=&#8221;5px&#8221; button_font=&#8221;Nexa Text Regular|300|||||||&#8221; button_icon=&#8221;&#x35;||divi||400&#8243; button_icon_color=&#8221;#155eee&#8221; button_on_hover=&#8221;off&#8221; custom_margin=&#8221;|14px|85px||false|false&#8221; custom_margin_tablet=&#8221;|14px|85px||false|false&#8221; custom_margin_phone=&#8221;||12px||false|false&#8221; custom_margin_last_edited=&#8221;on|phone&#8221; custom_padding=&#8221;12px|45px|12px|25px|false|false&#8221; button_icon_last_edited=&#8221;off|desktop&#8221; global_colors_info=&#8221;{}&#8221;][\/et_pb_button][et_pb_button button_url=&#8221;@ET-DC@eyJkeW5hbWljIjp0cnVlLCJjb250ZW50IjoicG9zdF9saW5rX3VybF9wYWdlIiwic2V0dGluZ3MiOnsicG9zdF9pZCI6IjEyMjQifX0=@&#8221; button_text=&#8221;Skontaktuj si\u0119&#8221; button_alignment=&#8221;center&#8221; disabled_on=&#8221;on|on|on&#8221; module_class=&#8221;btn-with-icon-blue&#8221; _builder_version=&#8221;4.18.0&#8243; _dynamic_attributes=&#8221;button_url&#8221; _module_preset=&#8221;default&#8221; custom_button=&#8221;on&#8221; button_text_size=&#8221;18px&#8221; button_text_color=&#8221;#155eee&#8221; button_bg_color=&#8221;#f9f9f9&#8243; button_border_width=&#8221;0px&#8221; button_border_radius=&#8221;5px&#8221; button_font=&#8221;|700|||||||&#8221; button_icon=&#8221;&#xf111;||fa||400&#8243; button_icon_color=&#8221;#f9f9f9&#8243; button_on_hover=&#8221;off&#8221; custom_margin=&#8221;|5px|||false|false&#8221; custom_padding=&#8221;12px|41px|12px|25px|false|false&#8221; disabled=&#8221;on&#8221; global_colors_info=&#8221;{}&#8221;][\/et_pb_button][\/et_pb_column][et_pb_column type=&#8221;1_2&#8243; _builder_version=&#8221;4.18.0&#8243; _module_preset=&#8221;default&#8221; custom_css_main_element=&#8221;margin-left: -5.5%;&#8221; global_colors_info=&#8221;{}&#8221; custom_css_main_element_last_edited=&#8221;on|desktop&#8221; custom_css_main_element_phone=&#8221;order: 1;&#8221; custom_css_main_element_tablet=&#8221;margin-left: -5.5%;&#8221;][et_pb_image src=&#8221;https:\/\/softforyou.pl\/wp-content\/uploads\/2022\/08\/header-pict.png&#8221; alt=&#8221;Program &#8211; wykres&#8221; title_text=&#8221;header-pict&#8221; show_bottom_space=&#8221;off&#8221; align_tablet=&#8221;center&#8221; align_phone=&#8221;center&#8221; align_last_edited=&#8221;on|desktop&#8221; module_id=&#8221;#header-pict&#8221; _builder_version=&#8221;4.18.0&#8243; _module_preset=&#8221;default&#8221; z_index=&#8221;999&#8243; width=&#8221;51.3vw&#8221; width_tablet=&#8221;60%&#8221; width_phone=&#8221;100%&#8221; width_last_edited=&#8221;on|phone&#8221; max_width=&#8221;750px&#8221; custom_margin=&#8221;70px||||false|false&#8221; custom_margin_tablet=&#8221;70px||||false|false&#8221; custom_margin_phone=&#8221;24px||||false|false&#8221; custom_margin_last_edited=&#8221;on|phone&#8221; custom_padding=&#8221;||1px|||&#8221; global_colors_info=&#8221;{}&#8221;][\/et_pb_image][\/et_pb_column][\/et_pb_row][\/et_pb_section][et_pb_section fb_built=&#8221;1&#8243; custom_padding_last_edited=&#8221;on|tablet&#8221; _builder_version=&#8221;4.18.0&#8243; _module_preset=&#8221;default&#8221; custom_padding_tablet=&#8221;||0px||false|false&#8221; custom_padding_phone=&#8221;||0px||false|false&#8221; global_colors_info=&#8221;{}&#8221;][et_pb_row _builder_version=&#8221;4.18.0&#8243; _module_preset=&#8221;default&#8221; global_colors_info=&#8221;{}&#8221;][et_pb_column type=&#8221;4_4&#8243; _builder_version=&#8221;4.18.0&#8243; _module_preset=&#8221;default&#8221; global_colors_info=&#8221;{}&#8221;][et_pb_text _builder_version=&#8221;4.18.0&#8243; _module_preset=&#8221;b327cbe4-b1d5-4b66-ad37-40c8f2f061ba&#8221; text_text_color=&#8221;#203052&#8243; header_text_color=&#8221;#203052&#8243; header_2_font=&#8221;Inter|700|||||||&#8221; header_2_text_color=&#8221;#203052&#8243; header_2_font_size=&#8221;32px&#8221; header_2_line_height=&#8221;1.2em&#8221; custom_margin=&#8221;||16px||false|false&#8221; custom_padding=&#8221;||6px|||&#8221; header_2_font_size_tablet=&#8221;32px&#8221; header_2_font_size_phone=&#8221;20px&#8221; header_2_font_size_last_edited=&#8221;on|desktop&#8221; locked=&#8221;off&#8221; global_colors_info=&#8221;{}&#8221;]<\/p>\n<h2 style=\"text-align: left;\">About the company:<\/h2>\n<p>[\/et_pb_text][et_pb_text _builder_version=&#8221;4.18.0&#8243; _module_preset=&#8221;default&#8221; text_text_color=&#8221;#203052&#8243; locked=&#8221;off&#8221; global_colors_info=&#8221;{}&#8221; custom_padding=&#8221;8px|||||&#8221;]<\/p>\n<p style=\"text-align: justify;\"><strong>SoftForYou<\/strong> has been developing IT systems for companies in the pharmaceutical\nsector since 2008, working with <strong>and supporting both pharmacy chains and\npharmaceutical manufacturers. <\/strong>Our services respond to the individual needs of\nentrepreneurs, facilitate business management, data analysis and ensure process\nautomation, thus contributing to increased efficiency and optimised profits.<\/p>\n<p><strong> <\/strong><\/p>\n<p><strong><\/strong><span style=\"font-size: 18px;\">Our many years of experience in working with pharmaceutical companies\nguarantees <\/span><strong style=\"font-size: 18px;\">excellent knowledge of market needs, comprehensive advice and a\nselection of tailor-made solutions.<\/strong><\/p>\n<p>[\/et_pb_text][\/et_pb_column][\/et_pb_row][\/et_pb_section][et_pb_section fb_built=&#8221;1&#8243; fullwidth=&#8221;on&#8221; _builder_version=&#8221;4.18.0&#8243; _module_preset=&#8221;default&#8221; global_colors_info=&#8221;{}&#8221;][\/et_pb_section][et_pb_section fb_built=&#8221;1&#8243; custom_padding_last_edited=&#8221;on|phone&#8221; _builder_version=&#8221;4.18.0&#8243; _module_preset=&#8221;default&#8221; custom_margin=&#8221;||||false|false&#8221; custom_padding=&#8221;2px||||false|false&#8221; custom_padding_tablet=&#8221;||0px||false|false&#8221; custom_padding_phone=&#8221;||0px||false|false&#8221; global_colors_info=&#8221;{}&#8221;][et_pb_row column_structure=&#8221;1_2,1_2&#8243; _builder_version=&#8221;4.18.0&#8243; _module_preset=&#8221;default&#8221; global_colors_info=&#8221;{}&#8221;][et_pb_column type=&#8221;1_2&#8243; _builder_version=&#8221;4.18.0&#8243; _module_preset=&#8221;default&#8221; global_colors_info=&#8221;{}&#8221;][et_pb_text _builder_version=&#8221;4.18.0&#8243; _module_preset=&#8221;b327cbe4-b1d5-4b66-ad37-40c8f2f061ba&#8221; text_text_color=&#8221;#203052&#8243; header_text_color=&#8221;#203052&#8243; header_2_font=&#8221;Inter|700|||||||&#8221; header_2_text_color=&#8221;#203052&#8243; header_2_font_size=&#8221;32px&#8221; header_2_line_height=&#8221;1.2em&#8221; custom_margin=&#8221;||16px||false|false&#8221; custom_padding=&#8221;||6px|||&#8221; header_2_font_size_tablet=&#8221;32px&#8221; header_2_font_size_phone=&#8221;20px&#8221; header_2_font_size_last_edited=&#8221;on|desktop&#8221; locked=&#8221;off&#8221; global_colors_info=&#8221;{}&#8221;]<\/p>\n<h2 style=\"text-align: left;\">What we do<\/h2>\n<p>[\/et_pb_text][et_pb_text _builder_version=&#8221;4.18.0&#8243; _module_preset=&#8221;default&#8221; text_text_color=&#8221;#203052&#8243; locked=&#8221;off&#8221; global_colors_info=&#8221;{}&#8221;]<\/p>\n<p style=\"text-align: justify;\"><strong>We connect<\/strong> <strong>distribution links<\/strong> and <strong>increase cooperation transparency<\/strong> between\ncollaborating entities.<\/p>\n<p style=\"text-align: justify;\" class=\"translation-block\">We improve <b>business efficiency<\/b> of all market flow participants.<\/p>\n<p style=\"text-align: justify;\">By contributing to cost optimisation,<strong> we indirectly ensure improved accessibility to\nhealthcare for patients.<\/strong><\/p>\n<p>[\/et_pb_text][\/et_pb_column][et_pb_column type=&#8221;1_2&#8243; _builder_version=&#8221;4.18.0&#8243; _module_preset=&#8221;default&#8221; global_colors_info=&#8221;{}&#8221;][et_pb_text _builder_version=&#8221;4.18.0&#8243; _module_preset=&#8221;b327cbe4-b1d5-4b66-ad37-40c8f2f061ba&#8221; text_text_color=&#8221;#203052&#8243; header_text_color=&#8221;#203052&#8243; header_2_font=&#8221;Inter|700|||||||&#8221; header_2_text_color=&#8221;#203052&#8243; header_2_font_size=&#8221;32px&#8221; header_2_line_height=&#8221;1.2em&#8221; custom_margin=&#8221;||16px||false|false&#8221; custom_padding=&#8221;||6px|||&#8221; header_2_font_size_tablet=&#8221;32px&#8221; header_2_font_size_phone=&#8221;20px&#8221; header_2_font_size_last_edited=&#8221;on|desktop&#8221; locked=&#8221;off&#8221; global_colors_info=&#8221;{}&#8221;]<\/p>\n<h2 style=\"text-align: left;\">SoftForYou is:<\/h2>\n<p>[\/et_pb_text][et_pb_text _builder_version=&#8221;4.18.0&#8243; _module_preset=&#8221;default&#8221; text_text_color=&#8221;#203052&#8243; locked=&#8221;off&#8221; global_colors_info=&#8221;{}&#8221;]<\/p>\n<p style=\"text-align: justify;\"><strong>For pharmacies and pharmacy chains<\/strong>: management, automation\u00a0 <br \/>and business analysis systems, maximising business efficiency and profitability.<\/p>\n<p style=\"text-align: justify;\"><strong>For manufacturers<\/strong>systems reporting data from more than 12,000 pharmacies,\nenabling data to be tracked directly from pharmacies down to the level of a single\ntransaction in each pharmacy.<\/p>\n<p>[\/et_pb_text][\/et_pb_column][\/et_pb_row][\/et_pb_section][et_pb_section fb_built=&#8221;1&#8243; _builder_version=&#8221;4.18.0&#8243; _module_preset=&#8221;_initial&#8221; background_color=&#8221;#f9f9f9&#8243; custom_padding=&#8221;3px||3px|||&#8221; global_module=&#8221;1922&#8243; saved_tabs=&#8221;all&#8221; global_colors_info=&#8221;{}&#8221;][et_pb_row column_structure=&#8221;1_3,2_3&#8243; make_equal=&#8221;on&#8221; _builder_version=&#8221;4.18.0&#8243; _module_preset=&#8221;default&#8221; min_height=&#8221;98px&#8221; custom_margin=&#8221;0px||0px||false|false&#8221; custom_margin_tablet=&#8221;35px||||false|false&#8221; custom_margin_phone=&#8221;12px||||false|false&#8221; custom_margin_last_edited=&#8221;on|phone&#8221; custom_padding=&#8221;0px||0px||false|false&#8221; global_colors_info=&#8221;{}&#8221;][et_pb_column type=&#8221;1_3&#8243; _builder_version=&#8221;4.18.0&#8243; _module_preset=&#8221;default&#8221; custom_padding=&#8221;0px||0px||false|false&#8221; global_colors_info=&#8221;{}&#8221;][et_pb_text _builder_version=&#8221;4.18.0&#8243; _module_preset=&#8221;default&#8221; text_font=&#8221;Nexa Text Regular||||||||&#8221; text_text_color=&#8221;#495672&#8243; text_font_size=&#8221;24px&#8221; custom_margin=&#8221;3px||||false|false&#8221; custom_padding=&#8221;||0px|||&#8221; text_orientation_tablet=&#8221;&#8221; text_orientation_phone=&#8221;center&#8221; text_orientation_last_edited=&#8221;on|phone&#8221; global_colors_info=&#8221;{}&#8221;]<\/p>\n<p>Trusted by markets <strong><strong>leaders:<\/strong> <\/strong><b><\/b><\/p>\n<p>[\/et_pb_text][\/et_pb_column][et_pb_column type=&#8221;2_3&#8243; _builder_version=&#8221;4.18.0&#8243; _module_preset=&#8221;default&#8221; custom_padding=&#8221;0px||0px||false|false&#8221; global_colors_info=&#8221;{}&#8221;][ba_logo_carousel autoplay_speed=&#8221;1200ms&#8221; use_nav=&#8221;off&#8221; slide_count=&#8221;4&#8243; logo_height=&#8221;200px&#8221; logo_width=&#8221;85%&#8221; logo_hover=&#8221;no_hover&#8221; slide_count_tablet=&#8221;4&#8243; slide_count_phone=&#8221;3&#8243; slide_count_last_edited=&#8221;on|phone&#8221; _builder_version=&#8221;4.18.0&#8243; _module_preset=&#8221;default&#8221; custom_margin=&#8221;0px||0px||false|false&#8221; custom_padding=&#8221;0px||0px||false|false&#8221; custom_css_main_element=&#8221;filter: grayscale(100%);&#8221; global_colors_info=&#8221;{}&#8221;][ba_logo_carousel_child logo=&#8221;https:\/\/softforyou.pl\/wp-content\/uploads\/2022\/10\/polpharma-logo.svg&#8221; overlay_icon_color=&#8221;#203052&#8243; _builder_version=&#8221;4.18.0&#8243; _module_preset=&#8221;default&#8221; global_colors_info=&#8221;{}&#8221;][\/ba_logo_carousel_child][ba_logo_carousel_child logo=&#8221;https:\/\/softforyou.pl\/wp-content\/uploads\/2022\/10\/SOLINEA.png&#8221; _builder_version=&#8221;4.18.0&#8243; _module_preset=&#8221;default&#8221; global_colors_info=&#8221;{}&#8221;][\/ba_logo_carousel_child][ba_logo_carousel_child logo=&#8221;https:\/\/softforyou.pl\/wp-content\/uploads\/2022\/10\/GALDERMA.png&#8221; _builder_version=&#8221;4.18.0&#8243; _module_preset=&#8221;default&#8221; global_colors_info=&#8221;{}&#8221;][\/ba_logo_carousel_child][ba_logo_carousel_child admin_title=&#8221;multipharm&#8221; logo=&#8221;https:\/\/softforyou.pl\/wp-content\/uploads\/2022\/10\/multipharm.png&#8221; _builder_version=&#8221;4.18.0&#8243; _module_preset=&#8221;default&#8221; global_colors_info=&#8221;{}&#8221;][\/ba_logo_carousel_child][ba_logo_carousel_child admin_title=&#8221;medkon&#8221; logo=&#8221;https:\/\/softforyou.pl\/wp-content\/uploads\/2022\/10\/medkon.png&#8221; _builder_version=&#8221;4.18.0&#8243; _module_preset=&#8221;default&#8221; global_colors_info=&#8221;{}&#8221;][\/ba_logo_carousel_child][ba_logo_carousel_child admin_title=&#8221;Starowiejska&#8221; logo=&#8221;https:\/\/softforyou.pl\/wp-content\/uploads\/2022\/09\/a-logo_50.png&#8221; _builder_version=&#8221;4.18.0&#8243; _module_preset=&#8221;default&#8221; global_colors_info=&#8221;{}&#8221;][\/ba_logo_carousel_child][ba_logo_carousel_child admin_title=&#8221;allecco&#8221; logo=&#8221;https:\/\/softforyou.pl\/wp-content\/uploads\/2022\/10\/allecco.png&#8221; _builder_version=&#8221;4.18.0&#8243; _module_preset=&#8221;default&#8221; global_colors_info=&#8221;{}&#8221;][\/ba_logo_carousel_child][ba_logo_carousel_child admin_title=&#8221;Centralna&#8221; logo=&#8221;https:\/\/softforyou.pl\/wp-content\/uploads\/2022\/10\/aptekacentralnalogo.png&#8221; _builder_version=&#8221;4.18.0&#8243; _module_preset=&#8221;default&#8221; global_colors_info=&#8221;{}&#8221;][\/ba_logo_carousel_child][ba_logo_carousel_child admin_title=&#8221;codzienna&#8221; logo=&#8221;https:\/\/softforyou.pl\/wp-content\/uploads\/2022\/10\/apteka_codzienna_logo.png&#8221; _builder_version=&#8221;4.18.0&#8243; _module_preset=&#8221;default&#8221; global_colors_info=&#8221;{}&#8221;][\/ba_logo_carousel_child][ba_logo_carousel_child admin_title=&#8221;Dom lek\u00f3w&#8221; logo=&#8221;https:\/\/softforyou.pl\/wp-content\/uploads\/2022\/10\/dom-lekow-logo.svg&#8221; _builder_version=&#8221;4.18.0&#8243; _module_preset=&#8221;default&#8221; global_colors_info=&#8221;{}&#8221;][\/ba_logo_carousel_child][ba_logo_carousel_child admin_title=&#8221;Hipokratesa&#8221; logo=&#8221;https:\/\/softforyou.pl\/wp-content\/uploads\/2022\/10\/hipokrates.png&#8221; _builder_version=&#8221;4.18.0&#8243; _module_preset=&#8221;default&#8221; global_colors_info=&#8221;{}&#8221;][\/ba_logo_carousel_child][ba_logo_carousel_child logo=&#8221;https:\/\/softforyou.pl\/wp-content\/uploads\/2022\/10\/zawisza-czarny.png&#8221; _builder_version=&#8221;4.18.0&#8243; _module_preset=&#8221;default&#8221; global_colors_info=&#8221;{}&#8221;][\/ba_logo_carousel_child][ba_logo_carousel_child admin_title=&#8221;TopFarm Group&#8221; logo=&#8221;https:\/\/softforyou.pl\/wp-content\/uploads\/2022\/10\/topfarm_group_logo_tfg.png&#8221; _builder_version=&#8221;4.18.0&#8243; _module_preset=&#8221;default&#8221; custom_css_main_element=&#8221;filter: brightness(0.3);&#8221; global_colors_info=&#8221;{}&#8221;][\/ba_logo_carousel_child][ba_logo_carousel_child logo=&#8221;https:\/\/softforyou.pl\/wp-content\/uploads\/2022\/10\/apteka-i-partnerzy.png&#8221; _builder_version=&#8221;4.18.0&#8243; _module_preset=&#8221;default&#8221; global_colors_info=&#8221;{}&#8221;][\/ba_logo_carousel_child][ba_logo_carousel_child admin_title=&#8221;Od serca&#8221; logo=&#8221;https:\/\/softforyou.pl\/wp-content\/uploads\/2022\/10\/apteka-od-serca.svg&#8221; _builder_version=&#8221;4.18.0&#8243; _module_preset=&#8221;default&#8221; custom_css_main_element=&#8221;width: 100% !important;&#8221; global_colors_info=&#8221;{}&#8221;][\/ba_logo_carousel_child][ba_logo_carousel_child logo=&#8221;https:\/\/softforyou.pl\/wp-content\/uploads\/2022\/10\/apteka-melissa.png&#8221; _builder_version=&#8221;4.18.0&#8243; _module_preset=&#8221;default&#8221; global_colors_info=&#8221;{}&#8221;][\/ba_logo_carousel_child][ba_logo_carousel_child admin_title=&#8221;centrum-lublin&#8221; logo=&#8221;https:\/\/softforyou.pl\/wp-content\/uploads\/2022\/10\/modrzewscy.png&#8221; _builder_version=&#8221;4.18.0&#8243; _module_preset=&#8221;default&#8221; global_colors_info=&#8221;{}&#8221;][\/ba_logo_carousel_child][ba_logo_carousel_child admin_title=&#8221;Amica&#8221; logo=&#8221;https:\/\/softforyou.pl\/wp-content\/uploads\/2022\/10\/amica.png&#8221; _builder_version=&#8221;4.18.0&#8243; _module_preset=&#8221;default&#8221; global_colors_info=&#8221;{}&#8221;][\/ba_logo_carousel_child][ba_logo_carousel_child admin_title=&#8221;S\u0142oneczna&#8221; logo=&#8221;https:\/\/softforyou.pl\/wp-content\/uploads\/2022\/10\/sloneczne.png&#8221; _builder_version=&#8221;4.18.0&#8243; _module_preset=&#8221;default&#8221; global_colors_info=&#8221;{}&#8221;][\/ba_logo_carousel_child][ba_logo_carousel_child admin_title=&#8221;hiperpharm&#8221; logo=&#8221;https:\/\/softforyou.pl\/wp-content\/uploads\/2022\/10\/HIPER-PHARM-logo.svg&#8221; _builder_version=&#8221;4.18.0&#8243; _module_preset=&#8221;default&#8221; global_colors_info=&#8221;{}&#8221;][\/ba_logo_carousel_child][\/ba_logo_carousel][\/et_pb_column][\/et_pb_row][\/et_pb_section]<\/p>","protected":false},"excerpt":{"rendered":"<p>Rozwi\u0105zania ITdla farmacjiProfesjonalne produkty i us\u0142ugi informatyczne dla sieci aptek i\u00a0producent\u00f3w farmaceutycznych.O firmie:Firma SoftForYou od 2008 roku tworzy systemy informatyczne dla firm z sektora farmaceutycznego, wsp\u00f3\u0142pracuje i wspiera zar\u00f3wno sieci apteczne jak i producent\u00f3w farmaceutycznych. Nasze serwisy odpowiadaj\u0105 na indywidualne potrzeby przedsi\u0119biorc\u00f3w, u\u0142atwiaj\u0105 zarz\u0105dzanie biznesem, analiz\u0119 danych, zapewniaj\u0105 automatyzacj\u0119 proces\u00f3w, czym przyczyniaj\u0105 si\u0119 do wzrostu [&hellip;]<\/p>","protected":false},"author":1,"featured_media":0,"parent":0,"menu_order":0,"comment_status":"closed","ping_status":"closed","template":"","meta":{"_et_pb_use_builder":"on","_et_pb_old_content":"","_et_gb_content_width":"","footnotes":""},"class_list":["post-848","page","type-page","status-publish","hentry"],"_links":{"self":[{"href":"https:\/\/softforyou.pl\/en\/wp-json\/wp\/v2\/pages\/848","targetHints":{"allow":["GET"]}}],"collection":[{"href":"https:\/\/softforyou.pl\/en\/wp-json\/wp\/v2\/pages"}],"about":[{"href":"https:\/\/softforyou.pl\/en\/wp-json\/wp\/v2\/types\/page"}],"author":[{"embeddable":true,"href":"https:\/\/softforyou.pl\/en\/wp-json\/wp\/v2\/users\/1"}],"replies":[{"embeddable":true,"href":"https:\/\/softforyou.pl\/en\/wp-json\/wp\/v2\/comments?post=848"}],"version-history":[{"count":20,"href":"https:\/\/softforyou.pl\/en\/wp-json\/wp\/v2\/pages\/848\/revisions"}],"predecessor-version":[{"id":2015,"href":"https:\/\/softforyou.pl\/en\/wp-json\/wp\/v2\/pages\/848\/revisions\/2015"}],"wp:attachment":[{"href":"https:\/\/softforyou.pl\/en\/wp-json\/wp\/v2\/media?parent=848"}],"curies":[{"name":"wp","href":"https:\/\/api.w.org\/{rel}","templated":true}]}}