{"id":1332,"date":"2022-09-16T10:42:07","date_gmt":"2022-09-16T08:42:07","guid":{"rendered":"https:\/\/softforyou.pl\/?page_id=1332"},"modified":"2024-05-21T12:30:00","modified_gmt":"2024-05-21T10:30:00","slug":"polityka-prywatnosci","status":"publish","type":"page","link":"https:\/\/softforyou.pl\/en\/polityka-prywatnosci\/","title":{"rendered":"Privacy policy &nbsp;"},"content":{"rendered":"<p>[et_pb_section fb_built=&#8221;1&#8243; admin_label=&#8221;Section&#8221; module_class=&#8221;two-columns-own&#8221; _builder_version=&#8221;4.18.0&#8243; _module_preset=&#8221;default&#8221; background_color=&#8221;#f9f9f9&#8243; custom_margin=&#8221;||32px||false|false&#8221; custom_padding=&#8221;3px||3px||false|false&#8221; custom_css_main_element=&#8221;display: flex;&#8221; global_module=&#8221;855&#8243; saved_tabs=&#8221;all&#8221; collapsed=&#8221;off&#8221; global_colors_info=&#8221;{}&#8221;][et_pb_row column_structure=&#8221;1_2,1_2&#8243; module_class=&#8221;pa-inline-buttons&#8221; _builder_version=&#8221;4.18.0&#8243; _module_preset=&#8221;default&#8221; width_tablet=&#8221;&#8221; width_phone=&#8221;&#8221; width_last_edited=&#8221;on|phone&#8221; custom_margin=&#8221;||||false|false&#8221; custom_margin_phone=&#8221;30px||||false|false&#8221; custom_margin_last_edited=&#8221;off|desktop&#8221; custom_padding=&#8221;3px||4px||false|false&#8221; custom_css_main_element=&#8221;display: flex;||flex-wrap: wrap;&#8221; global_colors_info=&#8221;{}&#8221;][et_pb_column type=&#8221;1_2&#8243; _builder_version=&#8221;4.18.0&#8243; _module_preset=&#8221;default&#8221; custom_padding=&#8221;0%||||false|false&#8221; custom_padding_tablet=&#8221;0%||||false|false&#8221; custom_padding_phone=&#8221;0%||||false|false&#8221; custom_padding_last_edited=&#8221;on|tablet&#8221; global_colors_info=&#8221;{}&#8221; custom_css_main_element_last_edited=&#8221;on|phone&#8221; custom_css_main_element_phone=&#8221;order:2;&#8221;][et_pb_text _builder_version=&#8221;4.18.0&#8243; _module_preset=&#8221;c16985e1-e0d6-4022-964d-e2bfc04fa633&#8243; header_font=&#8221;Nexa Text Extra Bold|700|||||||&#8221; header_text_color=&#8221;#203052&#8243; header_font_size=&#8221;60px&#8221; header_line_height=&#8221;1.2em&#8221; custom_margin=&#8221;130px|-1px|||false|false&#8221; custom_margin_tablet=&#8221;130px||||false|false&#8221; custom_margin_phone=&#8221;30px||||false|false&#8221; custom_margin_last_edited=&#8221;on|phone&#8221; header_font_tablet=&#8221;Nexa Text Extra Bold|700|||||||&#8221; header_font_phone=&#8221;Nexa Text Extra Bold|700|||||||&#8221; header_font_last_edited=&#8221;on|phone&#8221; header_text_align_tablet=&#8221;&#8221; header_text_align_phone=&#8221;center&#8221; header_text_align_last_edited=&#8221;on|phone&#8221; header_font_size_tablet=&#8221;40px&#8221; header_font_size_phone=&#8221;40px&#8221; header_font_size_last_edited=&#8221;on|desktop&#8221; global_colors_info=&#8221;{}&#8221;]<\/p>\n<h1 class=\"translation-block\">IT solutions <br>\nfor pharma<\/h1>\n<p>[\/et_pb_text][et_pb_text module_id=&#8221;header-slogan&#8221; _builder_version=&#8221;4.18.0&#8243; _module_preset=&#8221;1f09816e-184e-4ce5-a4cf-b39c52c423ca&#8221; text_font=&#8221;Nexa Text Regular|700|||||||&#8221; text_text_color=&#8221;#495672&#8243; text_font_size=&#8221;24px&#8221; text_line_height=&#8221;1.4em&#8221; link_text_color=&#8221;#F26440&#8243; module_alignment=&#8221;center&#8221; custom_margin=&#8221;||78px||false|false&#8221; custom_margin_tablet=&#8221;||78px||false|false&#8221; custom_margin_phone=&#8221;||45px||false|false&#8221; custom_margin_last_edited=&#8221;on|phone&#8221; text_font_size_tablet=&#8221;15px&#8221; text_font_size_phone=&#8221;18px&#8221; text_font_size_last_edited=&#8221;on|phone&#8221; text_line_height_tablet=&#8221;1.4em&#8221; text_line_height_phone=&#8221;1.5em&#8221; text_line_height_last_edited=&#8221;on|desktop&#8221; header_font_size_tablet=&#8221;55px&#8221; header_font_size_last_edited=&#8221;off|desktop&#8221; text_orientation_tablet=&#8221;&#8221; text_orientation_phone=&#8221;center&#8221; text_orientation_last_edited=&#8221;on|phone&#8221; module_alignment_last_edited=&#8221;off|phone&#8221; global_colors_info=&#8221;{}&#8221;]<\/p>\n<p>Professional IT products and services <span style=\"text-decoration: underline;\">for pharmacy chains<\/span> and\u00a0<span style=\"text-decoration: underline;\">pharmaceutical manufacturers<\/span>.<\/p>\n<p>[\/et_pb_text][et_pb_button button_url=&#8221;@ET-DC@eyJkeW5hbWljIjp0cnVlLCJjb250ZW50IjoicG9zdF9saW5rX3VybF9wYWdlIiwic2V0dGluZ3MiOnsicG9zdF9pZCI6IjEyMjQifX0=@&#8221; button_text=&#8221;Um\u00f3w si\u0119 na demo&#8221; button_alignment=&#8221;center&#8221; module_id=&#8221;btn-blue-header&#8221; module_class=&#8221;btn-with-icon&#8221; _builder_version=&#8221;4.18.0&#8243; _dynamic_attributes=&#8221;button_url&#8221; _module_preset=&#8221;default&#8221; custom_button=&#8221;on&#8221; button_text_size=&#8221;18px&#8221; button_border_width=&#8221;0px&#8221; button_border_radius=&#8221;5px&#8221; button_font=&#8221;Nexa Text Regular|300|||||||&#8221; button_icon=&#8221;&#x35;||divi||400&#8243; button_icon_color=&#8221;#155eee&#8221; button_on_hover=&#8221;off&#8221; custom_margin=&#8221;|14px|85px||false|false&#8221; custom_margin_tablet=&#8221;|14px|85px||false|false&#8221; custom_margin_phone=&#8221;||12px||false|false&#8221; custom_margin_last_edited=&#8221;on|phone&#8221; custom_padding=&#8221;12px|45px|12px|25px|false|false&#8221; button_icon_last_edited=&#8221;off|desktop&#8221; global_colors_info=&#8221;{}&#8221;][\/et_pb_button][et_pb_button button_url=&#8221;@ET-DC@eyJkeW5hbWljIjp0cnVlLCJjb250ZW50IjoicG9zdF9saW5rX3VybF9wYWdlIiwic2V0dGluZ3MiOnsicG9zdF9pZCI6IjEyMjQifX0=@&#8221; button_text=&#8221;Skontaktuj si\u0119&#8221; button_alignment=&#8221;center&#8221; disabled_on=&#8221;on|on|on&#8221; module_class=&#8221;btn-with-icon-blue&#8221; _builder_version=&#8221;4.18.0&#8243; _dynamic_attributes=&#8221;button_url&#8221; _module_preset=&#8221;default&#8221; custom_button=&#8221;on&#8221; button_text_size=&#8221;18px&#8221; button_text_color=&#8221;#155eee&#8221; button_bg_color=&#8221;#f9f9f9&#8243; button_border_width=&#8221;0px&#8221; button_border_radius=&#8221;5px&#8221; button_font=&#8221;|700|||||||&#8221; button_icon=&#8221;&#xf111;||fa||400&#8243; button_icon_color=&#8221;#f9f9f9&#8243; button_on_hover=&#8221;off&#8221; custom_margin=&#8221;|5px|||false|false&#8221; custom_padding=&#8221;12px|41px|12px|25px|false|false&#8221; disabled=&#8221;on&#8221; global_colors_info=&#8221;{}&#8221;][\/et_pb_button][\/et_pb_column][et_pb_column type=&#8221;1_2&#8243; _builder_version=&#8221;4.18.0&#8243; _module_preset=&#8221;default&#8221; custom_css_main_element=&#8221;margin-left: -5.5%;&#8221; global_colors_info=&#8221;{}&#8221; custom_css_main_element_last_edited=&#8221;on|desktop&#8221; custom_css_main_element_phone=&#8221;order: 1;&#8221; custom_css_main_element_tablet=&#8221;margin-left: -5.5%;&#8221;][et_pb_image src=&#8221;https:\/\/softforyou.pl\/wp-content\/uploads\/2022\/08\/header-pict.png&#8221; alt=&#8221;Program &#8211; wykres&#8221; title_text=&#8221;header-pict&#8221; show_bottom_space=&#8221;off&#8221; align_tablet=&#8221;center&#8221; align_phone=&#8221;center&#8221; align_last_edited=&#8221;on|desktop&#8221; module_id=&#8221;#header-pict&#8221; _builder_version=&#8221;4.18.0&#8243; _module_preset=&#8221;default&#8221; z_index=&#8221;999&#8243; width=&#8221;51.3vw&#8221; width_tablet=&#8221;60%&#8221; width_phone=&#8221;100%&#8221; width_last_edited=&#8221;on|phone&#8221; max_width=&#8221;750px&#8221; custom_margin=&#8221;70px||||false|false&#8221; custom_margin_tablet=&#8221;70px||||false|false&#8221; custom_margin_phone=&#8221;24px||||false|false&#8221; custom_margin_last_edited=&#8221;on|phone&#8221; custom_padding=&#8221;||1px|||&#8221; global_colors_info=&#8221;{}&#8221;][\/et_pb_image][\/et_pb_column][\/et_pb_row][\/et_pb_section][et_pb_section fb_built=&#8221;1&#8243; _builder_version=&#8221;4.18.0&#8243; _module_preset=&#8221;default&#8221; global_colors_info=&#8221;{}&#8221;][et_pb_row _builder_version=&#8221;4.18.0&#8243; _module_preset=&#8221;default&#8221; global_colors_info=&#8221;{}&#8221;][et_pb_column type=&#8221;4_4&#8243; _builder_version=&#8221;4.18.0&#8243; _module_preset=&#8221;default&#8221; global_colors_info=&#8221;{}&#8221;][et_pb_text _builder_version=&#8221;4.18.0&#8243; _module_preset=&#8221;b327cbe4-b1d5-4b66-ad37-40c8f2f061ba&#8221; text_font=&#8221;|300|||||||&#8221; text_text_color=&#8221;#203052&#8243; text_font_size=&#8221;16px&#8221; header_text_color=&#8221;#203052&#8243; header_2_font=&#8221;Inter|700|||||||&#8221; header_2_text_color=&#8221;#203052&#8243; header_2_font_size=&#8221;32px&#8221; header_2_line_height=&#8221;1.2em&#8221; header_3_text_color=&#8221;#203052&#8243; header_3_font_size=&#8221;21px&#8221; custom_margin=&#8221;||16px||false|false&#8221; custom_padding=&#8221;||6px|||&#8221; header_2_font_size_tablet=&#8221;32px&#8221; header_2_font_size_phone=&#8221;20px&#8221; header_2_font_size_last_edited=&#8221;on|desktop&#8221; locked=&#8221;off&#8221; global_colors_info=&#8221;{}&#8221;]<\/p>\n<p><strong>Privacy policy\u00a0<\/strong><\/p>\n<p>SoftForYou Ltd. based in Warsaw respects the privacy of users\nand visitors of the Company's website.<\/p>\n<p>This document defines practices related to the website\u00a0<a href=\"https:\/\/softforyou.pl\/en\/\">www.softforyou.pl<\/a>\u00a0applied by SoftForYou Ltd. regarding\npersonal data, methods of their collection, purposes to which\nthey may be used.<\/p>\n<p>If SoftForYou Ltd. website makes it necessary to collect\npersonal data, you will be clearly informed.<\/p>\n<p><strong>Personal data<\/strong><\/p>\n<p>Using www.softforyou.pl website resources does not require\nthe submission of personal data.<\/p>\n<p><strong>Use of personal data.<\/strong><\/p>\n<p>Je\u017celi dane osobowe zostan\u0105 pobrane, o czym zostaniecie Pa\u0144stwo wyra\u017anie poinformowani i poproszeni o wyra\u017cenie zgody na ich przetwarzanie, SoftForYou sp. z o.o. wykorzystywa\u0107 je b\u0119dzie wy\u0142\u0105cznie w \u015bcis\u0142ych granicach cel\u00f3w do jakich dane zosta\u0142y zebrane. SoftForYou sp. z o.o. zobowi\u0105zuje si\u0119 nie wykorzystywa\u0107 Pa\u0144stwa danych osobowych bez Waszej uprzedniej zgody do innych cel\u00f3w. Podstaw\u0119 prawn\u0105 przetwarzania stanowi: art. 6 ust 1 lit. a i lit. c Rozporz\u0105dzenia Parlamentu Europejskiego i Rady (UE) 2016\/679 z dnia 27 kwietnia 2016 r. w sprawie ochrony os\u00f3b fizycznych w zwi\u0105zku z przetwarzaniem danych osobowych i w sprawie swobodnego przep\u0142ywu takich danych oraz uchylenia dyrektywy 95\/46\/WE.<\/p>\n<p>Przys\u0142uguje Pa\u0144stwu prawo do cofni\u0119cia zgody w dowolnym momencie bez wp\u0142ywu na zgodno\u015b\u0107 z prawem przetwarzania, kt\u00f3rego dokonano na podstawie zgody przed jej cofni\u0119ciem<\/p>\n<p><strong>Personal data recipients<\/strong><\/p>\n<p>Recipients of your personal data are strictly limited to parties who, for reasons of\nprofessional activity, need to know them.<\/p>\n<p>SoftForYou Ltd. may share your personal data with third parties who are suppliers of goods\nor services. The suppliers of goods and services are contractually obliged to maintain the\nconfidentiality and security of your personal data, and to use your personal data only for\nservices they have been contracted to provide.<\/p>\n<p>SoftForYou sp. z o.o. \u00a0mo\u017ce udost\u0119pni\u0107 Pa\u0144stwa dane osobowe na podstawie obowi\u0105zuj\u0105cych przepis\u00f3w prawa podmiotom uprawnionym do uzyskania danych np. s\u0105dom lub organom \u015bcigania \u2013 tylko gdy wyst\u0105pi\u0105 z \u017c\u0105daniem uzyskania danych osobowych i wska\u017c\u0105 podstaw\u0119 prawn\u0105 swego \u017c\u0105dania.<\/p>\n<p>&nbsp;<\/p>\n<p><strong>Storage period<\/strong><\/p>\n<p>SoftForYou Ltd. will not keep your personal data for longer than is necessary to achieve the\npurposes for which the data was collected or for longer than is prescribed by law.<\/p>\n<p><strong>Right of access, rectification, removal, objection<\/strong><\/p>\n<p>Mo\u017cecie Pa\u0144stwo zwr\u00f3ci\u0107 si\u0119 do SoftForYou sp. z o.o. z pro\u015bb\u0105 o dost\u0119p do Pa\u0144stwa danych osobowych b\u0119d\u0105cych w posiadaniu SoftForYou sp. z o.o. \u00a0(tj. macie Pa\u0144stwo prawo do uzyskania informacji, czy Pa\u0144stwa dane osobowe s\u0105 przez SoftForYou sp. z o.o. przetwarzane, jak r\u00f3wnie\u017c prawo uzyskania informacji jakie Pa\u0144stwa dane osobowe s\u0105 przetwarzane i w jakim celu), a tak\u017ce mo\u017cecie Pa\u0144stwo modyfikowa\u0107, prostowa\u0107 lub usuwa\u0107 nieaktualne dane osobowe. Przys\u0142uguje Pa\u0144stwu r\u00f3wnie\u017c prawo wniesienia sprzeciwu co do przetwarzania Pa\u0144stwa danych osobowych przez SoftForYou sp. z o.o. W celu u\u0142atwienia Pa\u0144stwu skorzystania z przys\u0142uguj\u0105cych uprawnie\u0144 stworzyli\u015bmy adres e-mail \u2013 rodo@softforyou.pl dedykowany kwestiom zwi\u0105zanym z administrowaniem Pa\u0144stwa danymi osobowymi przez SoftForYou sp. z o.o. Adres\u00a0 e-mail rodo@softforyou.pl jest adresem na kt\u00f3ry mo\u017cecie Pa\u0144stwo kierowa\u0107 wszelkie zapytania, pro\u015bby, sprzeciwy, a tak\u017ce sk\u0142ada\u0107 wszelkie o\u015bwiadczenia dotycz\u0105ce Pa\u0144stwa danych osobowych.<\/p>\n<p>Ponadto informujemy r\u00f3wnie\u017c, \u017ce przys\u0142uguje Pa\u0144stwu prawo wniesienia skargi do organu nadzoruj\u0105cego przestrzeganie przepis\u00f3w o ochronie danych osobowych (Prezesa Urz\u0119du Ochrony Danych Osobowych na adres ul. Stawki 2, 00-193 Warszawa, e-mail: kancelaria@uodo.gov.pl lub za po\u015brednictwem elektronicznej skrzynki podawczej ePUAP Urz\u0119du Ochrony Danych Osobowych: \/UODO\/SkrytkaESP.).<\/p>\n<p>W razie pyta\u0144 zwi\u0105zanych z przetwarzaniem danych osobowych zach\u0119camy do kontaktu z powo\u0142anym przez SoftForYou sp. z o.o. inspektorem ochrony danych \u2013 pani\u0105 Agat\u0105 Ziemi\u0144sk\u0105. Wszelkie zapytania \u00a0nale\u017cy kierowa\u0107 na adres e-mail \u2013 rodo@softforyou.pl<\/p>\n<p><strong>Minors<\/strong><\/p>\n<p>The www.softforyou.pl website is not intended for minors (under\neighteen (18)). Minors are advised against providing any information or\npersonal data without parental consent.<\/p>\n<p>Osoby nie posiadaj\u0105ce pe\u0142nej zdolno\u015bci do czynno\u015bci prawnych zobowi\u0105zane s\u0105 do uzyskania uprzedniej zgody rodzic\u00f3w lub opiekun\u00f3w prawnych.<\/p>\n<p><strong>Data security<\/strong><\/p>\n<p>SoftForYou Ltd. has taken measures to ensure confidentiality, security and integrity of\nyour personal data. Access to your personal data is limited to those who have a need to\nknow it and who are required to comply with this policy.<\/p>\n<p>SoftForYou Ltd. pays great attention to ensuring that your personal data is not altered,\ncompromised or misused by third parties who are not authorised to access the data.<\/p>\n<p>&nbsp;<\/p>\n<p><strong>International transfer of personal data<\/strong><\/p>\n<p>SoftForYou Ltd. is an entity that does not transfer personal data\nto other countries.<\/p>\n<p><strong>Profilowanie danych<\/strong><\/p>\n<p>Pa\u0144stwa dane osobowe nie b\u0119d\u0105 podlega\u0107 zautomatyzowanemu podejmowaniu decyzji, profilowaniu.<\/p>\n<p class=\"translation-block\">Cookies<\/p>\n<p>Through cookies, which are files saved by your browser on your computer's hard drive, SoftForYou Ltd. collects\ndata related to the way you use the SoftForYou Ltd. website in order to improve our services offered to visitors\nand users of our pages. Data stored in cookies include information on the pages you visited, the date and time of\nyour visit and other information about your activity on the pages.<\/p>\n<p>Importantly, this data is collected and processed for statistical purposes only and does not allow your identity\nidentification.<\/p>\n<p>Browsers can be set to inform you of the presence of cookies and allow you to accept or reject them. You can also\ndisable the storage of cookies in your browser settings. However, this may result in the inability to use certain\nfunctions of the websites and to perform certain actions.<\/p>\n<p>&nbsp;<\/p>\n<p>&nbsp;<\/p>\n<p>[\/et_pb_text][\/et_pb_column][\/et_pb_row][\/et_pb_section]<\/p>","protected":false},"excerpt":{"rendered":"<p>Najlepsze dane i rozwi\u0105zania ITdla farmacjiProfesjonalne produkty i us\u0142ugi informatyczne dla sieci aptek i\u00a0producent\u00f3w farmaceutycznych.Polityka prywatno\u015bci\u00a0 SoftForYou sp\u00f3\u0142ka z ograniczon\u0105 odpowiedzialno\u015bci\u0105 (dalej: SoftForYou sp. z o.o.) z siedzib\u0105 w Warszawie szanuje prywatno\u015b\u0107 u\u017cytkownik\u00f3w i odwiedzaj\u0105cych stron\u0119 internetow\u0105 Sp\u00f3\u0142ki. Niniejszy dokument definiuje zwi\u0105zane ze stron\u0105 internetow\u0105\u00a0www.softforyou.pl\u00a0praktyki stosowane przez SoftForYou sp. z o.o. odno\u015bnie danych osobowych, sposob\u00f3w [&hellip;]<\/p>","protected":false},"author":1,"featured_media":0,"parent":0,"menu_order":0,"comment_status":"closed","ping_status":"closed","template":"","meta":{"_et_pb_use_builder":"on","_et_pb_old_content":"","_et_gb_content_width":"","footnotes":""},"class_list":["post-1332","page","type-page","status-publish","hentry"],"_links":{"self":[{"href":"https:\/\/softforyou.pl\/en\/wp-json\/wp\/v2\/pages\/1332","targetHints":{"allow":["GET"]}}],"collection":[{"href":"https:\/\/softforyou.pl\/en\/wp-json\/wp\/v2\/pages"}],"about":[{"href":"https:\/\/softforyou.pl\/en\/wp-json\/wp\/v2\/types\/page"}],"author":[{"embeddable":true,"href":"https:\/\/softforyou.pl\/en\/wp-json\/wp\/v2\/users\/1"}],"replies":[{"embeddable":true,"href":"https:\/\/softforyou.pl\/en\/wp-json\/wp\/v2\/comments?post=1332"}],"version-history":[{"count":6,"href":"https:\/\/softforyou.pl\/en\/wp-json\/wp\/v2\/pages\/1332\/revisions"}],"predecessor-version":[{"id":20282,"href":"https:\/\/softforyou.pl\/en\/wp-json\/wp\/v2\/pages\/1332\/revisions\/20282"}],"wp:attachment":[{"href":"https:\/\/softforyou.pl\/en\/wp-json\/wp\/v2\/media?parent=1332"}],"curies":[{"name":"wp","href":"https:\/\/api.w.org\/{rel}","templated":true}]}}